{"id":2,"date":"2010-08-27T20:02:49","date_gmt":"2010-08-27T23:02:49","guid":{"rendered":"http:\/\/blog.quarta.com.br\/blog\/?page_id=2"},"modified":"2011-05-27T11:11:46","modified_gmt":"2011-05-27T14:11:46","slug":"sobre","status":"publish","type":"page","link":"https:\/\/blog.quarta.com.br\/?page_id=2","title":{"rendered":"Sobre a QuartaRH"},"content":{"rendered":"<p>A Quarta Inform\u00e1tica (QuartaRH) atua h\u00e1 mais de 20 anos na \u00e1rea de sistemas para Recursos Humanos, produzindo e distribuindo diversos sistemas integrados que possibilitam a administra\u00e7\u00e3o mais f\u00e1cil e \u00e1gil do Departamento Pessoal da empresa.<\/p>\n<p>A partir de sua base em S\u00e3o Paulo, atende a centenas de empresas dos mais diversos segmentos espalhados por todo o pa\u00eds. A integra\u00e7\u00e3o de seus programas com produtos de terceiros possibilita que as empresas escolham a melhor solu\u00e7\u00e3o para cada \u00e1rea administrativa evitando a armadilha de colocar todos os sistemas nas m\u00e3os de um \u00fanico fornecedor.<\/p>\n<p>A especializa\u00e7\u00e3o dos colaboradores da QuartaRH em legisla\u00e7\u00e3o trabalhista e sistemas para RH, possibilita que o servi\u00e7o de suporte seja muito eficiente e r\u00e1pido. Permite tamb\u00e9m, uma aproxima\u00e7\u00e3o real com o cliente e o atendimento de necessidades espec\u00edficas e sugest\u00f5es.<\/p>\n<p>Estamos comemorando a presen\u00e7a da QuartaRH em\u00a021 dos 26 estados brasileiros e agradecemos aos nossos clientes pela parceria e confian\u00e7a que v\u00eam depositando em nossa empresa! Muito obrigado!<\/p>\n<p><a href=\"http:\/\/blog.quarta.com.br\/wp-content\/uploads\/2010\/11\/mapa-colorido2.gif\"><img loading=\"lazy\" decoding=\"async\" title=\"Presen\u00e7a da QuartaRH no Brasil\" src=\"http:\/\/blog.quarta.com.br\/wp-content\/uploads\/2010\/11\/mapa-colorido2.gif\" alt=\"\" width=\"414\" height=\"400\" \/><\/a>\u00a0<\/p>\n<p>Como nossa equipe de atendimento encontra-se em nossa sede que fica no bairro do Tatuap\u00e9, na zona leste de S\u00e3o Paulo, nossa empresa contratou telefones virtuais para diversas regi\u00f5es do Brasil, facilitando assim a comunica\u00e7\u00e3o com nossos clientes que est\u00e3o fora de SP, que poder\u00e3o ligar para nossa sede como se estivessem fazendo uma liga\u00e7\u00e3o local, economizando assim no custo das liga\u00e7\u00f5es. Infelizmente este servi\u00e7o n\u00e3o encontra-se dispon\u00edvel em todos os estados brasileiros, mas estamos aguardando ansiosos pela expans\u00e3o deste tipo de telefonia para que possamos ficar cada vez mais pr\u00f3ximos dos nossos clientes.<\/p>\n<p>Confira os telefones dispon\u00edveis para que entrem em contato conosco: <a href=\"http:\/\/quarta.com.br\/suporte\/contato.aspx\">http:\/\/quarta.com.br\/suporte\/contato.aspx<\/a><\/p>\n","protected":false},"excerpt":{"rendered":"<p>A Quarta Inform\u00e1tica (QuartaRH) atua h\u00e1 mais de 20 anos na \u00e1rea de sistemas para Recursos Humanos, produzindo e distribuindo diversos sistemas integrados que possibilitam a administra\u00e7\u00e3o mais f\u00e1cil e \u00e1gil do Departamento Pessoal da empresa. A partir de sua base em S\u00e3o Paulo, atende a centenas de empresas dos mais diversos segmentos espalhados por &#8230;<a class=\"post-readmore\" href=\"https:\/\/blog.quarta.com.br\/?page_id=2\">read more<\/a><\/p>\n","protected":false},"author":1,"featured_media":0,"parent":0,"menu_order":0,"comment_status":"open","ping_status":"closed","template":"","meta":{"footnotes":""},"class_list":["post-2","page","type-page","status-publish","hentry"],"_links":{"self":[{"href":"https:\/\/blog.quarta.com.br\/index.php?rest_route=\/wp\/v2\/pages\/2","targetHints":{"allow":["GET"]}}],"collection":[{"href":"https:\/\/blog.quarta.com.br\/index.php?rest_route=\/wp\/v2\/pages"}],"about":[{"href":"https:\/\/blog.quarta.com.br\/index.php?rest_route=\/wp\/v2\/types\/page"}],"author":[{"embeddable":true,"href":"https:\/\/blog.quarta.com.br\/index.php?rest_route=\/wp\/v2\/users\/1"}],"replies":[{"embeddable":true,"href":"https:\/\/blog.quarta.com.br\/index.php?rest_route=%2Fwp%2Fv2%2Fcomments&post=2"}],"version-history":[{"count":6,"href":"https:\/\/blog.quarta.com.br\/index.php?rest_route=\/wp\/v2\/pages\/2\/revisions"}],"predecessor-version":[{"id":1083,"href":"https:\/\/blog.quarta.com.br\/index.php?rest_route=\/wp\/v2\/pages\/2\/revisions\/1083"}],"wp:attachment":[{"href":"https:\/\/blog.quarta.com.br\/index.php?rest_route=%2Fwp%2Fv2%2Fmedia&parent=2"}],"curies":[{"name":"wp","href":"https:\/\/api.w.org\/{rel}","templated":true}]}}