{"id":72,"date":"2013-06-20T14:49:16","date_gmt":"2013-06-20T17:49:16","guid":{"rendered":"http:\/\/blog.quarta.com.br\/?page_id=72"},"modified":"2014-12-19T15:14:25","modified_gmt":"2014-12-19T18:14:25","slug":"indice-de-videos","status":"publish","type":"page","link":"https:\/\/blog.quarta.com.br\/?page_id=72","title":{"rendered":"V\u00eddeos YouTube"},"content":{"rendered":"<p><strong style=\"color: #000000;\">1. Apresenta\u00e7\u00e3o dos sistemas QuartaRH:<\/strong><span style=\"color: #000000;\">\u00a0<\/span><em style=\"color: #000000;\"><br \/>\nBreves demonstra\u00e7\u00f5es a respeito das funcionalidades e das ferramentas oferecidas por cada sistema QuartaRH<\/em><span style=\"color: #000000;\">\u00a0<\/span><br style=\"color: #000000;\" \/><br style=\"color: #000000;\" \/><span style=\"color: #000000;\">1.1.\u00a0<\/span><a title=\"Folha de Pagamento QuartaRH\" href=\"http:\/\/youtu.be\/5QlqK9EH6CU\" target=\"_blank\">Folha de Pagamento QuartaRH<\/a><span style=\"color: #000000;\">\u00a0<\/span><br style=\"color: #000000;\" \/><span style=\"color: #000000;\">1.2.\u00a0<\/span><a title=\"Registro Eletr\u00f4nico QuartaRH\" href=\"http:\/\/youtu.be\/scvaCMpihWk\" target=\"_blank\">Registro Eletr\u00f4nico QuartaRH<\/a><span style=\"color: #000000;\">\u00a0<\/span><br style=\"color: #000000;\" \/><span style=\"color: #000000;\">1.3.\u00a0<\/span><a title=\"Ponto Eletr\u00f4nico QuartaRH\" href=\"http:\/\/youtu.be\/TYcmsBAXxdE\" target=\"_blank\">Ponto Eletr\u00f4nico QuartaRH<\/a><span style=\"color: #000000;\">\u00a0<\/span><br style=\"color: #000000;\" \/><span style=\"color: #000000;\">1.4.\u00a0<\/span><a title=\"Banco de Horas QuartaRH\" href=\"http:\/\/youtu.be\/yo3Ycl0z10M\" target=\"_blank\">Banco de Horas QuartaRH<\/a><span style=\"color: #000000;\">\u00a0<\/span><br style=\"color: #000000;\" \/><span style=\"color: #000000;\">1.5.\u00a0<\/span><a title=\"Seguran\u00e7a e Sa\u00fade QuartaRH\" href=\"http:\/\/youtu.be\/TFStYk2Xwpk\" target=\"_blank\">Seguran\u00e7a e Sa\u00fade QuartaRH<\/a><span style=\"color: #000000;\">\u00a0<\/span><br style=\"color: #000000;\" \/><span style=\"color: #000000;\">1.6.\u00a0<\/span><a title=\"Benef\u00edcios QuartaRH\" href=\"http:\/\/youtu.be\/VoOhpljvIE0\" target=\"_blank\">Benef\u00edcios QuartaRH<\/a><span style=\"color: #000000;\">\u00a0<\/span><br style=\"color: #000000;\" \/><span style=\"color: #000000;\">1.7.\u00a0<\/span><a title=\"Treinamento QuartaRH\" href=\"http:\/\/youtu.be\/BeyGXyUp4Js\" target=\"_blank\">Treinamento QuartaRH<\/a><span style=\"color: #000000;\">\u00a0<\/span><br style=\"color: #000000;\" \/><span style=\"color: #000000;\">1.8.\u00a0<\/span><a title=\"Tomador QuartaRH\" href=\"http:\/\/youtu.be\/FbajEnaDmIc\" target=\"_blank\">Tomador QuartaRH<\/a><span style=\"color: #000000;\">\u00a0<\/span><\/p>\n<p><strong>2. Primeiros Passos:<\/strong><span style=\"color: #000000;\">\u00a0<\/span><em style=\"color: #000000;\"><br \/>\nV\u00eddeos que explicam como fazer os primeiros cadastros nos sistemas QuartaRH<\/em><span style=\"color: #000000;\">\u00a0<\/span><br style=\"color: #000000;\" \/><br style=\"color: #000000;\" \/><span style=\"color: #000000;\">2.1.\u00a0<\/span><a href=\"http:\/\/youtu.be\/RQ4Gth6JVo0\" target=\"_blank\">Criar Banco de Dados<\/a><span style=\"color: #000000;\">\u00a0<\/span><br style=\"color: #000000;\" \/><span style=\"color: #000000;\">2.2.\u00a0<\/span><a href=\"http:\/\/youtu.be\/frxXz16cAUM\" target=\"_blank\">Cadastrar Empresa<\/a><span style=\"color: #000000;\">\u00a0<\/span><br style=\"color: #000000;\" \/><span style=\"color: #000000;\">2.3.\u00a0<\/span><a href=\"http:\/\/youtu.be\/MjxNjhrK5s4\" target=\"_blank\">Cadastrar Cargos<\/a><span style=\"color: #000000;\">\u00a0<\/span><br style=\"color: #000000;\" \/><span style=\"color: #000000;\">2.4.\u00a0<\/span><a href=\"http:\/\/youtu.be\/8YZfP1guz_g\" target=\"_blank\">Cadastrar Hor\u00e1rios<\/a><span style=\"color: #000000;\">\u00a0<\/span><br style=\"color: #000000;\" \/><span style=\"color: #000000;\">2.5.\u00a0<\/span><a href=\"http:\/\/youtu.be\/pMaSDxLBvbs\" target=\"_blank\">Cadastrar Bancos<\/a><span style=\"color: #000000;\">\u00a0<\/span><br style=\"color: #000000;\" \/><span style=\"color: #000000;\">2.6.\u00a0<\/span><a href=\"http:\/\/youtu.be\/_ALo2DZ9M-E\" target=\"_blank\">Cadastrar Sindicatos<\/a><span style=\"color: #000000;\">\u00a0<\/span><br style=\"color: #000000;\" \/><span style=\"color: #000000;\">2.7.\u00a0<\/span><a href=\"http:\/\/youtu.be\/bVSjpRR64kA\" target=\"_blank\">Cadastrar Tabelas de IR<\/a><span style=\"color: #000000;\">\u00a0<\/span><br style=\"color: #000000;\" \/><span style=\"color: #000000;\">2.8.\u00a0<\/span><a href=\"http:\/\/youtu.be\/bERfOF0xkTQ\" target=\"_blank\">Cadastrar Tabelas de INSS<\/a><span style=\"color: #000000;\">\u00a0<\/span><\/p>\n<p><strong>3. CEF<\/strong>:<span style=\"color: #000000;\">\u00a0<\/span><em style=\"color: #000000;\"><br \/>\nUtiliza\u00e7\u00e3o dos sistemas da CEF (SEFIP e GRRF)<\/em><span style=\"color: #000000;\">\u00a0<\/span><br style=\"color: #000000;\" \/><br style=\"color: #000000;\" \/><span style=\"color: #000000;\">3.1.\u00a0<\/span><a href=\"http:\/\/youtu.be\/W9-KGv-j014\" target=\"_blank\">SEFIP: Importar Folha<\/a><span style=\"color: #000000;\">\u00a0<\/span><br style=\"color: #000000;\" \/><span style=\"color: #000000;\">3.2.\u00a0<\/span><a href=\"http:\/\/youtu.be\/TNut5tkf2ZM\" target=\"_blank\">Atualizar \u00edndices da GRRF<\/a><span style=\"color: #000000;\">\u00a0<\/span><\/p>\n<p><strong> 4. Minist\u00e9rio do Trabalho e Emprego &#8211; MTe:<\/strong> <em><br \/>\nUtiliza\u00e7\u00e3o dos Aplicativos do Governo e exporta\u00e7\u00e3o de arquivos texto.<\/em><\/p>\n<p>4.1. <a href=\"http:\/\/youtu.be\/xx8AIdkNFpw\" target=\"_blank\">Como converter o arquivo CAGED para arquivo ACERTO<\/a><br \/>\n4.2. <a href=\"http:\/\/youtu.be\/_FORr8qm_Lw?list=PLK3GYAUxbOACTqGtxevGC_nzaX7XzEtFC\" target=\"_blank\">HOMOLOGNET feito via sistema de Folha de Pagamento QuartaRH<\/a><br \/>\n4.3. <a href=\"http:\/\/youtu.be\/RNJEj1U4mKw?list=PLK3GYAUxbOACTqGtxevGC_nzaX7XzEtFC\" target=\"_blank\">Seguro Desemprego: como gerar o arquivo atrav\u00e9s do sistema de Folha de Pagamento QuartaRH<\/a><br \/>\n<strong><\/p>\n<p>5. Diversos:<\/strong> <em><br \/>\nV\u00eddeos a respeito de diversos temas relacionados aos sistema QuartaRH<\/em><\/p>\n<p>5.1. <a href=\"http:\/\/youtu.be\/9bPDdd842uw\" target=\"_blank\">IRRF Regime Caixa<\/a><br \/>\n5.2. <a href=\"http:\/\/youtu.be\/alHfcow5aWw\" target=\"_blank\">Mala direta<\/a><br \/>\n5.3. <a href=\"http:\/\/youtu.be\/VxTrKfWlJyE\" target=\"_blank\">Mala direta com Open Office<\/a><\/p>\n","protected":false},"excerpt":{"rendered":"<p>1. Apresenta\u00e7\u00e3o dos sistemas QuartaRH:\u00a0 Breves demonstra\u00e7\u00f5es a respeito das funcionalidades e das ferramentas oferecidas por cada sistema QuartaRH\u00a01.1.\u00a0Folha de Pagamento QuartaRH\u00a01.2.\u00a0Registro Eletr\u00f4nico QuartaRH\u00a01.3.\u00a0Ponto Eletr\u00f4nico QuartaRH\u00a01.4.\u00a0Banco de Horas QuartaRH\u00a01.5.\u00a0Seguran\u00e7a e Sa\u00fade QuartaRH\u00a01.6.\u00a0Benef\u00edcios QuartaRH\u00a01.7.\u00a0Treinamento QuartaRH\u00a01.8.\u00a0Tomador QuartaRH\u00a0 2. Primeiros Passos:\u00a0 V\u00eddeos que explicam como fazer os primeiros cadastros nos sistemas QuartaRH\u00a02.1.\u00a0Criar Banco de Dados\u00a02.2.\u00a0Cadastrar Empresa\u00a02.3.\u00a0Cadastrar Cargos\u00a02.4.\u00a0Cadastrar Hor\u00e1rios\u00a02.5.\u00a0Cadastrar &#8230;<a class=\"post-readmore\" href=\"https:\/\/blog.quarta.com.br\/?page_id=72\">read more<\/a><\/p>\n","protected":false},"author":6,"featured_media":0,"parent":0,"menu_order":0,"comment_status":"open","ping_status":"closed","template":"","meta":{"footnotes":""},"class_list":["post-72","page","type-page","status-publish","hentry"],"_links":{"self":[{"href":"https:\/\/blog.quarta.com.br\/index.php?rest_route=\/wp\/v2\/pages\/72","targetHints":{"allow":["GET"]}}],"collection":[{"href":"https:\/\/blog.quarta.com.br\/index.php?rest_route=\/wp\/v2\/pages"}],"about":[{"href":"https:\/\/blog.quarta.com.br\/index.php?rest_route=\/wp\/v2\/types\/page"}],"author":[{"embeddable":true,"href":"https:\/\/blog.quarta.com.br\/index.php?rest_route=\/wp\/v2\/users\/6"}],"replies":[{"embeddable":true,"href":"https:\/\/blog.quarta.com.br\/index.php?rest_route=%2Fwp%2Fv2%2Fcomments&post=72"}],"version-history":[{"count":27,"href":"https:\/\/blog.quarta.com.br\/index.php?rest_route=\/wp\/v2\/pages\/72\/revisions"}],"predecessor-version":[{"id":2151,"href":"https:\/\/blog.quarta.com.br\/index.php?rest_route=\/wp\/v2\/pages\/72\/revisions\/2151"}],"wp:attachment":[{"href":"https:\/\/blog.quarta.com.br\/index.php?rest_route=%2Fwp%2Fv2%2Fmedia&parent=72"}],"curies":[{"name":"wp","href":"https:\/\/api.w.org\/{rel}","templated":true}]}}