{"id":734,"date":"2011-02-11T16:47:52","date_gmt":"2011-02-11T19:47:52","guid":{"rendered":"http:\/\/blog.quarta.com.br\/?page_id=734"},"modified":"2013-05-16T10:53:39","modified_gmt":"2013-05-16T13:53:39","slug":"indice-de-topicos","status":"publish","type":"page","link":"https:\/\/blog.quarta.com.br\/?page_id=734","title":{"rendered":"T\u00f3picos do Blog"},"content":{"rendered":"<p><strong>APLICATIVOS DO GOVERNO:<\/strong><\/p>\n<p><strong><em>&#8211; DIRF:<\/em><br \/>\n<\/strong>\u00a0 &#8211; <a href=\"http:\/\/blog.quarta.com.br\/?p=622\">Informa\u00e7\u00f5es sobre a Dirf 2011 (usu\u00e1rios QuartaRH)<\/a><br \/>\n&#8211; <a href=\"http:\/\/blog.quarta.com.br\/?p=692\">Erros comuns na DIRF (usu\u00e1rios QuartaRH)<\/a><br \/>\n<strong><em>-RAIS:<\/em><\/strong><br \/>\n&#8211; <a href=\"http:\/\/blog.quarta.com.br\/?p=645\">Informa\u00e7\u00f5es sobre a RAIS 2010 (usu\u00e1rios QuartaRH)<\/a><br \/>\n&#8211; <a href=\"http:\/\/blog.quarta.com.br\/?p=695\">Erros mais comuns na RAIS (usu\u00e1rios QuartaRH)<\/a><br \/>\n<strong><em>&#8211; SEFIP:<\/em><\/strong><br \/>\n&#8211; <a href=\"http:\/\/blog.quarta.com.br\/?p=919\">Conectividade Social &#8211; Circular CAIXA n\u00ba 547 e n\u00ba 548\/2011 &#8211; Prazo para obter seu Certificado Digital ICP-Brasil<\/a><br \/>\n&#8211; <a href=\"http:\/\/blog.quarta.com.br\/?p=911\">Conectividade Social &#8211; Certifica\u00e7\u00e3o Digital ICP-Brasil<\/a><br \/>\n&#8211; <a href=\"http:\/\/blog.quarta.com.br\/?p=598\">Atualiza\u00e7\u00e3o da tabela de INSS a partir da compet\u00eancia Janeiro\/2011<\/a><br \/>\n&#8211; <a href=\"http:\/\/blog.quarta.com.br\/?p=591\">SEFIP compet\u00eancia 13: deve ser declarada at\u00e9 31\/01\/11<\/a><br \/>\n<strong><em>&#8211; CAGED:<\/em><\/strong><br \/>\n&#8211; <a href=\"http:\/\/blog.quarta.com.br\/?p=282\">Erro ao tentar enviar o arquivo via Web<\/a><\/p>\n<p><strong>FOLHA DE PAGAMENTO:<\/strong><\/p>\n<p>&#8211; <a href=\"http:\/\/blog.quarta.com.br\/?p=895\">TRCT: Novo termo de rescis\u00e3o obrigat\u00f3rio desde Janeiro\/2011<\/a><br \/>\n&#8211; <a href=\"http:\/\/blog.quarta.com.br\/?p=1030\">F\u00e9rias Indenizadas<\/a><br \/>\n&#8211; <a href=\"http:\/\/blog.quarta.com.br\/?p=944\">Abono Pecuni\u00e1rio de F\u00e9rias<\/a><br \/>\n&#8211; <a href=\"http:\/\/blog.quarta.com.br\/?p=909\">EFD-Social (antigos EFD-Folha ou Folha Digital)<\/a><br \/>\n&#8211; <a href=\"http:\/\/blog.quarta.com.br\/?p=878\">Homolognet<\/a><br \/>\n&#8211; <a href=\"http:\/\/blog.quarta.com.br\/?p=838\">Nova tabela de IRRF a partir de 01 de abril de 2011<\/a><br \/>\n&#8211; <a href=\"http:\/\/blog.quarta.com.br\/?p=832\">Contribui\u00e7\u00e3o Sindical Anual dos Empregados: lembre-se, desconto em mar\u00e7o<\/a><br \/>\n&#8211; <a href=\"http:\/\/blog.quarta.com.br\/?p=769\">Detalhes do novo termo de rescis\u00e3o (Portaria 1.621\/2010)<\/a><\/p>\n<p><strong>NOVIDADES DAS NOVAS VERS\u00d5ES QUARTA RH:<\/strong><\/p>\n<p>&#8211; <a href=\"http:\/\/blog.quarta.com.br\/?p=659\">Como atualizar as novas vers\u00f5es (usu\u00e1rios QuartaRH)<\/a><br \/>\n&#8211; <a href=\"http:\/\/blog.quarta.com.br\/?p=95\">Controle de acesso por usu\u00e1rio (usu\u00e1rios QuartaRH)<\/a><\/p>\n<p><strong>&#8211; Novidades Folha de Pagamento:<\/strong><br \/>\n&#8211; <a href=\"http:\/\/blog.quarta.com.br\/?p=611\">Novidades Folha de Pagamento (a partir da vers\u00e3o 360)<\/a><br \/>\n&#8211; <a href=\"http:\/\/blog.quarta.com.br\/?p=569\">Novo TRCT, Homolognet e DIRF 2011<\/a><\/p>\n<p><strong>&#8211; Novidades Ponto Eletr\u00f4nico:<\/strong><br \/>\n&#8211; <a href=\"http:\/\/blog.quarta.com.br\/?p=614\">Novidades Ponto Eletr\u00f4nico (a partir da vers\u00e3o 08)<\/a><br \/>\n&#8211; <a href=\"http:\/\/blog.quarta.com.br\/?p=118\">Novo Ponto Eletr\u00f4nico<\/a><br \/>\n&#8211; <a href=\"http:\/\/blog.quarta.com.br\/?p=162\">Ponto Eletr\u00f4nico: altera\u00e7\u00f5es no nosso sistema em fun\u00e7\u00e3o da Portaria 1.510\/2009<\/a><br \/>\n&#8211; <a href=\"http:\/\/blog.quarta.com.br\/?p=8\">Ponto Eletr\u00f4nico: andamento das adequa\u00e7\u00f5es relativas \u00e0 Portaria 1.510<\/a><\/p>\n<p><strong>D\u00c9CIMO TERCEIRO SAL\u00c1RIO:<\/strong><\/p>\n<p>&#8211; <a href=\"http:\/\/blog.quarta.com.br\/?p=591\">SEFIP compet\u00eancia 13: deve ser declarada at\u00e9 31\/01\/2011<\/a><br \/>\n&#8211; <a href=\"http:\/\/blog.quarta.com.br\/?p=431\">13\u00ba sal\u00e1rio na SEFIP<\/a><br \/>\n&#8211; <a href=\"http:\/\/blog.quarta.com.br\/?p=474\">Pens\u00e3o Aliment\u00edcia sobre a 2\u00aa parcela do 13\u00ba sal\u00e1rio na Folha QuartaRH<\/a><br \/>\n&#8211; <a href=\"http:\/\/blog.quarta.com.br\/?p=400\">Backup do 13\u00ba (feito de forma autom\u00e1tica pelo sistema de Folha QuartaRH)<\/a><br \/>\n&#8211; <a href=\"http:\/\/blog.quarta.com.br\/?p=381\">C\u00e1lculo de 13\u00ba para funcion\u00e1rias afastadas por Licen\u00e7a Maternidade na Folha QuartaRH<\/a><br \/>\n&#8211; <a href=\"http:\/\/blog.quarta.com.br\/?p=371\">C\u00e1lculo de 13\u00ba para funcion\u00e1rios afastados por Acidente de Trabalho na Folha QuartaRH<\/a><br \/>\n&#8211; <a href=\"http:\/\/blog.quarta.com.br\/?p=339\">M\u00e9dias de valores vari\u00e1veis no c\u00e1lculo da 1\u00aa parcela do 13\u00ba sal\u00e1rio na Folha QuartaRH<\/a><br \/>\n&#8211; <a href=\"http:\/\/blog.quarta.com.br\/?p=296\">13\u00ba Sal\u00e1rio: prazo para pagamento e outros detalhes<\/a><\/p>\n<p><strong>FAP:<\/strong><\/p>\n<p>&#8211; <a href=\"http:\/\/blog.quarta.com.br\/?p=79\">O que \u00e9 FAP &#8211; Fator Acident\u00e1rio de Preven\u00e7\u00e3o<\/a><br \/>\n&#8211; <a href=\"http:\/\/blog.quarta.com.br\/?p=27\">FAP (Fator Acident\u00e1rio de Preven\u00e7\u00e3o) &#8211; Mudan\u00e7as a partir de Setembro\/2010<\/a><\/p>\n","protected":false},"excerpt":{"rendered":"<p>APLICATIVOS DO GOVERNO: &#8211; DIRF: \u00a0 &#8211; Informa\u00e7\u00f5es sobre a Dirf 2011 (usu\u00e1rios QuartaRH) &#8211; Erros comuns na DIRF (usu\u00e1rios QuartaRH) -RAIS: &#8211; Informa\u00e7\u00f5es sobre a RAIS 2010 (usu\u00e1rios QuartaRH) &#8211; Erros mais comuns na RAIS (usu\u00e1rios QuartaRH) &#8211; SEFIP: &#8211; Conectividade Social &#8211; Circular CAIXA n\u00ba 547 e n\u00ba 548\/2011 &#8211; Prazo para obter &#8230;<a class=\"post-readmore\" href=\"https:\/\/blog.quarta.com.br\/?page_id=734\">read more<\/a><\/p>\n","protected":false},"author":6,"featured_media":0,"parent":0,"menu_order":0,"comment_status":"open","ping_status":"closed","template":"","meta":{"footnotes":""},"class_list":["post-734","page","type-page","status-publish","hentry"],"_links":{"self":[{"href":"https:\/\/blog.quarta.com.br\/index.php?rest_route=\/wp\/v2\/pages\/734","targetHints":{"allow":["GET"]}}],"collection":[{"href":"https:\/\/blog.quarta.com.br\/index.php?rest_route=\/wp\/v2\/pages"}],"about":[{"href":"https:\/\/blog.quarta.com.br\/index.php?rest_route=\/wp\/v2\/types\/page"}],"author":[{"embeddable":true,"href":"https:\/\/blog.quarta.com.br\/index.php?rest_route=\/wp\/v2\/users\/6"}],"replies":[{"embeddable":true,"href":"https:\/\/blog.quarta.com.br\/index.php?rest_route=%2Fwp%2Fv2%2Fcomments&post=734"}],"version-history":[{"count":44,"href":"https:\/\/blog.quarta.com.br\/index.php?rest_route=\/wp\/v2\/pages\/734\/revisions"}],"predecessor-version":[{"id":806,"href":"https:\/\/blog.quarta.com.br\/index.php?rest_route=\/wp\/v2\/pages\/734\/revisions\/806"}],"wp:attachment":[{"href":"https:\/\/blog.quarta.com.br\/index.php?rest_route=%2Fwp%2Fv2%2Fmedia&parent=734"}],"curies":[{"name":"wp","href":"https:\/\/api.w.org\/{rel}","templated":true}]}}